{"id":815,"date":"2025-04-07T21:42:34","date_gmt":"2025-04-07T21:42:34","guid":{"rendered":"http:\/\/yamaha-barous.gr\/db\/?page_id=815"},"modified":"2025-04-30T06:10:43","modified_gmt":"2025-04-30T06:10:43","slug":"2024-tenere-700","status":"publish","type":"page","link":"https:\/\/yamaha-barous.gr\/db\/?page_id=815","title":{"rendered":"2024 Tenere 700"},"content":{"rendered":"<p><a href=\"https:\/\/yamaha-barous.gr\/db\/wp-content\/uploads\/2025\/04\/Tenere-700_2024_pho01.jpg\" target=\"_blank\" rel=\"noopener\"><img loading=\"lazy\" decoding=\"async\" class=\"alignnone wp-image-793\" src=\"https:\/\/yamaha-barous.gr\/db\/wp-content\/uploads\/2025\/04\/Tenere-700_2024_pho01-300x169.jpg\" alt=\"\" width=\"350\" height=\"197\" srcset=\"https:\/\/yamaha-barous.gr\/db\/wp-content\/uploads\/2025\/04\/Tenere-700_2024_pho01-300x169.jpg 300w, https:\/\/yamaha-barous.gr\/db\/wp-content\/uploads\/2025\/04\/Tenere-700_2024_pho01-1024x576.jpg 1024w, https:\/\/yamaha-barous.gr\/db\/wp-content\/uploads\/2025\/04\/Tenere-700_2024_pho01-768x432.jpg 768w, https:\/\/yamaha-barous.gr\/db\/wp-content\/uploads\/2025\/04\/Tenere-700_2024_pho01-1536x864.jpg 1536w, https:\/\/yamaha-barous.gr\/db\/wp-content\/uploads\/2025\/04\/Tenere-700_2024_pho01.jpg 2000w\" sizes=\"auto, (max-width: 350px) 100vw, 350px\" \/><\/a> <a href=\"https:\/\/yamaha-barous.gr\/db\/wp-content\/uploads\/2025\/04\/Tenere-700_2024_phot02.jpg\" target=\"_blank\" rel=\"noopener\"><img loading=\"lazy\" decoding=\"async\" class=\"alignnone wp-image-794\" src=\"https:\/\/yamaha-barous.gr\/db\/wp-content\/uploads\/2025\/04\/Tenere-700_2024_phot02-300x169.jpg\" alt=\"\" width=\"350\" height=\"197\" srcset=\"https:\/\/yamaha-barous.gr\/db\/wp-content\/uploads\/2025\/04\/Tenere-700_2024_phot02-300x169.jpg 300w, https:\/\/yamaha-barous.gr\/db\/wp-content\/uploads\/2025\/04\/Tenere-700_2024_phot02-1024x576.jpg 1024w, https:\/\/yamaha-barous.gr\/db\/wp-content\/uploads\/2025\/04\/Tenere-700_2024_phot02-768x432.jpg 768w, https:\/\/yamaha-barous.gr\/db\/wp-content\/uploads\/2025\/04\/Tenere-700_2024_phot02-1536x864.jpg 1536w, https:\/\/yamaha-barous.gr\/db\/wp-content\/uploads\/2025\/04\/Tenere-700_2024_phot02.jpg 2000w\" sizes=\"auto, (max-width: 350px) 100vw, 350px\" \/><\/a><\/p>\n<p><a href=\"https:\/\/yamaha-barous.gr\/db\/wp-content\/uploads\/2025\/04\/Tenere-700_2024.jpg\" target=\"_blank\" rel=\"noopener\"><img loading=\"lazy\" decoding=\"async\" class=\"alignnone wp-image-792 size-large\" src=\"https:\/\/yamaha-barous.gr\/db\/wp-content\/uploads\/2025\/04\/Tenere-700_2024-827x1024.jpg\" alt=\"\" width=\"827\" height=\"1024\" srcset=\"https:\/\/yamaha-barous.gr\/db\/wp-content\/uploads\/2025\/04\/Tenere-700_2024-827x1024.jpg 827w, https:\/\/yamaha-barous.gr\/db\/wp-content\/uploads\/2025\/04\/Tenere-700_2024-242x300.jpg 242w, https:\/\/yamaha-barous.gr\/db\/wp-content\/uploads\/2025\/04\/Tenere-700_2024-768x950.jpg 768w, https:\/\/yamaha-barous.gr\/db\/wp-content\/uploads\/2025\/04\/Tenere-700_2024-1241x1536.jpg 1241w, https:\/\/yamaha-barous.gr\/db\/wp-content\/uploads\/2025\/04\/Tenere-700_2024.jpg 1654w\" sizes=\"auto, (max-width: 827px) 100vw, 827px\" \/><\/a><\/p>\n<div class=\"video-container\"><iframe loading=\"lazy\" title=\"2023 Yamaha T\u00e9n\u00e9r\u00e9 700: Features &amp; Benefits\" width=\"500\" height=\"281\" src=\"https:\/\/www.youtube.com\/embed\/zxTo9xf9yW8?feature=oembed&#038;wmode=opaque\" frameborder=\"0\" allow=\"accelerometer; autoplay; clipboard-write; encrypted-media; gyroscope; picture-in-picture; web-share\" referrerpolicy=\"strict-origin-when-cross-origin\" allowfullscreen><\/iframe><\/div>\n","protected":false},"excerpt":{"rendered":"","protected":false},"author":2,"featured_media":0,"parent":766,"menu_order":6,"comment_status":"closed","ping_status":"closed","template":"page-templates\/child-menu.php","meta":{"footnotes":""},"class_list":["post-815","page","type-page","status-publish","hentry"],"_links":{"self":[{"href":"https:\/\/yamaha-barous.gr\/db\/index.php?rest_route=\/wp\/v2\/pages\/815","targetHints":{"allow":["GET"]}}],"collection":[{"href":"https:\/\/yamaha-barous.gr\/db\/index.php?rest_route=\/wp\/v2\/pages"}],"about":[{"href":"https:\/\/yamaha-barous.gr\/db\/index.php?rest_route=\/wp\/v2\/types\/page"}],"author":[{"embeddable":true,"href":"https:\/\/yamaha-barous.gr\/db\/index.php?rest_route=\/wp\/v2\/users\/2"}],"replies":[{"embeddable":true,"href":"https:\/\/yamaha-barous.gr\/db\/index.php?rest_route=%2Fwp%2Fv2%2Fcomments&post=815"}],"version-history":[{"count":2,"href":"https:\/\/yamaha-barous.gr\/db\/index.php?rest_route=\/wp\/v2\/pages\/815\/revisions"}],"predecessor-version":[{"id":1196,"href":"https:\/\/yamaha-barous.gr\/db\/index.php?rest_route=\/wp\/v2\/pages\/815\/revisions\/1196"}],"up":[{"embeddable":true,"href":"https:\/\/yamaha-barous.gr\/db\/index.php?rest_route=\/wp\/v2\/pages\/766"}],"wp:attachment":[{"href":"https:\/\/yamaha-barous.gr\/db\/index.php?rest_route=%2Fwp%2Fv2%2Fmedia&parent=815"}],"curies":[{"name":"wp","href":"https:\/\/api.w.org\/{rel}","templated":true}]}}