{"id":811,"date":"2025-04-07T21:37:18","date_gmt":"2025-04-07T21:37:18","guid":{"rendered":"http:\/\/yamaha-barous.gr\/db\/?page_id=811"},"modified":"2025-04-30T06:09:03","modified_gmt":"2025-04-30T06:09:03","slug":"tenere-700-explore-2","status":"publish","type":"page","link":"https:\/\/yamaha-barous.gr\/db\/?page_id=811","title":{"rendered":"Tenere 700 Explore"},"content":{"rendered":"<p><a href=\"https:\/\/yamaha-barous.gr\/db\/wp-content\/uploads\/2025\/04\/Tenere-700-explore_phot.jpg\"><img loading=\"lazy\" decoding=\"async\" class=\"alignnone wp-image-784\" src=\"https:\/\/yamaha-barous.gr\/db\/wp-content\/uploads\/2025\/04\/Tenere-700-explore_phot-1024x576.jpg\" alt=\"\" width=\"827\" height=\"465\" srcset=\"https:\/\/yamaha-barous.gr\/db\/wp-content\/uploads\/2025\/04\/Tenere-700-explore_phot-1024x576.jpg 1024w, https:\/\/yamaha-barous.gr\/db\/wp-content\/uploads\/2025\/04\/Tenere-700-explore_phot-300x169.jpg 300w, https:\/\/yamaha-barous.gr\/db\/wp-content\/uploads\/2025\/04\/Tenere-700-explore_phot-768x432.jpg 768w, https:\/\/yamaha-barous.gr\/db\/wp-content\/uploads\/2025\/04\/Tenere-700-explore_phot-1536x864.jpg 1536w, https:\/\/yamaha-barous.gr\/db\/wp-content\/uploads\/2025\/04\/Tenere-700-explore_phot.jpg 2000w\" sizes=\"auto, (max-width: 827px) 100vw, 827px\" \/><\/a><\/p>\n<p><a href=\"https:\/\/yamaha-barous.gr\/db\/wp-content\/uploads\/2025\/04\/Tenere-700-explore.jpg\"><img loading=\"lazy\" decoding=\"async\" class=\"alignnone size-large wp-image-783\" src=\"https:\/\/yamaha-barous.gr\/db\/wp-content\/uploads\/2025\/04\/Tenere-700-explore-827x1024.jpg\" alt=\"\" width=\"827\" height=\"1024\" srcset=\"https:\/\/yamaha-barous.gr\/db\/wp-content\/uploads\/2025\/04\/Tenere-700-explore-827x1024.jpg 827w, https:\/\/yamaha-barous.gr\/db\/wp-content\/uploads\/2025\/04\/Tenere-700-explore-242x300.jpg 242w, https:\/\/yamaha-barous.gr\/db\/wp-content\/uploads\/2025\/04\/Tenere-700-explore-768x950.jpg 768w, https:\/\/yamaha-barous.gr\/db\/wp-content\/uploads\/2025\/04\/Tenere-700-explore-1241x1536.jpg 1241w, https:\/\/yamaha-barous.gr\/db\/wp-content\/uploads\/2025\/04\/Tenere-700-explore.jpg 1654w\" sizes=\"auto, (max-width: 827px) 100vw, 827px\" \/><\/a><\/p>\n<div class=\"video-container\"><iframe loading=\"lazy\" title=\"2024 Yamaha T\u00e9n\u00e9r\u00e9 700 Explore: Explore your Next Horizon\" width=\"500\" height=\"281\" src=\"https:\/\/www.youtube.com\/embed\/WdYLll109IE?feature=oembed&#038;wmode=opaque\" frameborder=\"0\" allow=\"accelerometer; autoplay; clipboard-write; encrypted-media; gyroscope; picture-in-picture; web-share\" referrerpolicy=\"strict-origin-when-cross-origin\" allowfullscreen><\/iframe><\/div>\n","protected":false},"excerpt":{"rendered":"","protected":false},"author":2,"featured_media":0,"parent":766,"menu_order":4,"comment_status":"closed","ping_status":"closed","template":"page-templates\/child-menu.php","meta":{"footnotes":""},"class_list":["post-811","page","type-page","status-publish","hentry"],"_links":{"self":[{"href":"https:\/\/yamaha-barous.gr\/db\/index.php?rest_route=\/wp\/v2\/pages\/811","targetHints":{"allow":["GET"]}}],"collection":[{"href":"https:\/\/yamaha-barous.gr\/db\/index.php?rest_route=\/wp\/v2\/pages"}],"about":[{"href":"https:\/\/yamaha-barous.gr\/db\/index.php?rest_route=\/wp\/v2\/types\/page"}],"author":[{"embeddable":true,"href":"https:\/\/yamaha-barous.gr\/db\/index.php?rest_route=\/wp\/v2\/users\/2"}],"replies":[{"embeddable":true,"href":"https:\/\/yamaha-barous.gr\/db\/index.php?rest_route=%2Fwp%2Fv2%2Fcomments&post=811"}],"version-history":[{"count":2,"href":"https:\/\/yamaha-barous.gr\/db\/index.php?rest_route=\/wp\/v2\/pages\/811\/revisions"}],"predecessor-version":[{"id":1194,"href":"https:\/\/yamaha-barous.gr\/db\/index.php?rest_route=\/wp\/v2\/pages\/811\/revisions\/1194"}],"up":[{"embeddable":true,"href":"https:\/\/yamaha-barous.gr\/db\/index.php?rest_route=\/wp\/v2\/pages\/766"}],"wp:attachment":[{"href":"https:\/\/yamaha-barous.gr\/db\/index.php?rest_route=%2Fwp%2Fv2%2Fmedia&parent=811"}],"curies":[{"name":"wp","href":"https:\/\/api.w.org\/{rel}","templated":true}]}}