{"id":801,"date":"2025-04-07T21:30:07","date_gmt":"2025-04-07T21:30:07","guid":{"rendered":"http:\/\/yamaha-barous.gr\/db\/?page_id=801"},"modified":"2025-04-30T06:05:15","modified_gmt":"2025-04-30T06:05:15","slug":"tenere-700-rally","status":"publish","type":"page","link":"https:\/\/yamaha-barous.gr\/db\/?page_id=801","title":{"rendered":"Tenere 700 Rally"},"content":{"rendered":"<p><a href=\"https:\/\/yamaha-barous.gr\/db\/wp-content\/uploads\/2025\/04\/Tenere-700-rally_phot.jpg\" target=\"_blank\" rel=\"noopener\"><img loading=\"lazy\" decoding=\"async\" class=\"alignnone wp-image-777 \" src=\"https:\/\/yamaha-barous.gr\/db\/wp-content\/uploads\/2025\/04\/Tenere-700-rally_phot-1024x576.jpg\" alt=\"\" width=\"763\" height=\"429\" srcset=\"https:\/\/yamaha-barous.gr\/db\/wp-content\/uploads\/2025\/04\/Tenere-700-rally_phot-1024x576.jpg 1024w, https:\/\/yamaha-barous.gr\/db\/wp-content\/uploads\/2025\/04\/Tenere-700-rally_phot-300x169.jpg 300w, https:\/\/yamaha-barous.gr\/db\/wp-content\/uploads\/2025\/04\/Tenere-700-rally_phot-768x432.jpg 768w, https:\/\/yamaha-barous.gr\/db\/wp-content\/uploads\/2025\/04\/Tenere-700-rally_phot-1536x864.jpg 1536w, https:\/\/yamaha-barous.gr\/db\/wp-content\/uploads\/2025\/04\/Tenere-700-rally_phot.jpg 2000w\" sizes=\"auto, (max-width: 763px) 100vw, 763px\" \/><\/a><\/p>\n<p><a href=\"https:\/\/yamaha-barous.gr\/db\/wp-content\/uploads\/2025\/04\/Tenere-700-rally.jpg\" target=\"_blank\" rel=\"noopener\"><img loading=\"lazy\" decoding=\"async\" class=\"alignnone wp-image-804 size-large\" src=\"https:\/\/yamaha-barous.gr\/db\/wp-content\/uploads\/2025\/04\/Tenere-700-rally-762x1024.jpg\" alt=\"\" width=\"762\" height=\"1024\" srcset=\"https:\/\/yamaha-barous.gr\/db\/wp-content\/uploads\/2025\/04\/Tenere-700-rally-762x1024.jpg 762w, https:\/\/yamaha-barous.gr\/db\/wp-content\/uploads\/2025\/04\/Tenere-700-rally-223x300.jpg 223w, https:\/\/yamaha-barous.gr\/db\/wp-content\/uploads\/2025\/04\/Tenere-700-rally-768x1032.jpg 768w, https:\/\/yamaha-barous.gr\/db\/wp-content\/uploads\/2025\/04\/Tenere-700-rally-1144x1536.jpg 1144w, https:\/\/yamaha-barous.gr\/db\/wp-content\/uploads\/2025\/04\/Tenere-700-rally-1525x2048.jpg 1525w, https:\/\/yamaha-barous.gr\/db\/wp-content\/uploads\/2025\/04\/Tenere-700-rally.jpg 1652w\" sizes=\"auto, (max-width: 762px) 100vw, 762px\" \/><\/a><\/p>\n<div class=\"video-container\"><iframe loading=\"lazy\" title=\"2025 Yamaha T\u00e9n\u00e9r\u00e9 700 Rally: Push your limits\" width=\"500\" height=\"281\" src=\"https:\/\/www.youtube.com\/embed\/-IizQq31g6c?feature=oembed&#038;wmode=opaque\" frameborder=\"0\" allow=\"accelerometer; autoplay; clipboard-write; encrypted-media; gyroscope; picture-in-picture; web-share\" referrerpolicy=\"strict-origin-when-cross-origin\" allowfullscreen><\/iframe><\/div>\n","protected":false},"excerpt":{"rendered":"","protected":false},"author":2,"featured_media":0,"parent":766,"menu_order":2,"comment_status":"closed","ping_status":"closed","template":"page-templates\/child-menu.php","meta":{"footnotes":""},"class_list":["post-801","page","type-page","status-publish","hentry"],"_links":{"self":[{"href":"https:\/\/yamaha-barous.gr\/db\/index.php?rest_route=\/wp\/v2\/pages\/801","targetHints":{"allow":["GET"]}}],"collection":[{"href":"https:\/\/yamaha-barous.gr\/db\/index.php?rest_route=\/wp\/v2\/pages"}],"about":[{"href":"https:\/\/yamaha-barous.gr\/db\/index.php?rest_route=\/wp\/v2\/types\/page"}],"author":[{"embeddable":true,"href":"https:\/\/yamaha-barous.gr\/db\/index.php?rest_route=\/wp\/v2\/users\/2"}],"replies":[{"embeddable":true,"href":"https:\/\/yamaha-barous.gr\/db\/index.php?rest_route=%2Fwp%2Fv2%2Fcomments&post=801"}],"version-history":[{"count":5,"href":"https:\/\/yamaha-barous.gr\/db\/index.php?rest_route=\/wp\/v2\/pages\/801\/revisions"}],"predecessor-version":[{"id":1192,"href":"https:\/\/yamaha-barous.gr\/db\/index.php?rest_route=\/wp\/v2\/pages\/801\/revisions\/1192"}],"up":[{"embeddable":true,"href":"https:\/\/yamaha-barous.gr\/db\/index.php?rest_route=\/wp\/v2\/pages\/766"}],"wp:attachment":[{"href":"https:\/\/yamaha-barous.gr\/db\/index.php?rest_route=%2Fwp%2Fv2%2Fmedia&parent=801"}],"curies":[{"name":"wp","href":"https:\/\/api.w.org\/{rel}","templated":true}]}}